{"id":3403,"date":"2024-07-31T15:40:54","date_gmt":"2024-07-31T13:40:54","guid":{"rendered":"https:\/\/vastgoed.wat-media.nl\/conseils-de-style\/"},"modified":"2024-10-01T15:49:04","modified_gmt":"2024-10-01T13:49:04","slug":"conseils-de-style","status":"publish","type":"page","link":"https:\/\/vastgoed.wat-media.nl\/fr\/conseils-de-style\/","title":{"rendered":"Conseils de style"},"content":{"rendered":"\t\t<div data-elementor-type=\"wp-page\" data-elementor-id=\"3403\" class=\"elementor elementor-3403 elementor-1725\" data-elementor-post-type=\"page\">\n\t\t\t\t<div class=\"elementor-element elementor-element-bed1e12 e-flex e-con-boxed e-con e-parent\" data-id=\"bed1e12\" data-element_type=\"container\" data-e-type=\"container\" data-settings=\"{&quot;background_background&quot;:&quot;video&quot;,&quot;background_video_link&quot;:&quot;https:\\\/\\\/youtu.be\\\/ATYfnX8TVt8&quot;,&quot;background_play_on_mobile&quot;:&quot;yes&quot;,&quot;ekit_has_onepagescroll_dot&quot;:&quot;yes&quot;}\">\n\t\t\t\t\t<div class=\"e-con-inner\">\n\t\t<div class=\"elementor-background-video-container\">\n\t\t\t\t\t\t\t<div class=\"elementor-background-video-embed\" role=\"presentation\"><\/div>\n\t\t\t\t\t\t<\/div><div class=\"elementor-element elementor-element-afe35c9 e-con-full e-flex e-con e-child\" data-id=\"afe35c9\" data-element_type=\"container\" data-e-type=\"container\" data-settings=\"{&quot;ekit_has_onepagescroll_dot&quot;:&quot;yes&quot;}\">\n\t\t\t\t<div class=\"elementor-element elementor-element-b05bc34 elementor-widget elementor-widget-elementskit-heading\" data-id=\"b05bc34\" data-element_type=\"widget\" data-e-type=\"widget\" data-settings=\"{&quot;ekit_we_effect_on&quot;:&quot;none&quot;}\" data-widget_type=\"elementskit-heading.default\">\n\t\t\t\t<div class=\"elementor-widget-container\">\n\t\t\t\t\t<div class=\"ekit-wid-con\" ><div class=\"ekit-heading elementskit-section-title-wraper text_center   ekit_heading_tablet-text_center   ekit_heading_mobile-text_center\"><h2 class=\"ekit-heading--title elementskit-section-title \">Conseils de <span>Styling<\/span><\/h2><\/div><\/div>\t\t\t\t<\/div>\n\t\t\t\t<\/div>\n\t\t\t\t<\/div>\n\t\t\t\t\t<\/div>\n\t\t\t\t<\/div>\n\t\t<div class=\"elementor-element elementor-element-eb84dfe e-flex e-con-boxed e-con e-parent\" data-id=\"eb84dfe\" data-element_type=\"container\" data-e-type=\"container\" data-settings=\"{&quot;background_background&quot;:&quot;classic&quot;,&quot;ekit_has_onepagescroll_dot&quot;:&quot;yes&quot;}\">\n\t\t\t\t\t<div class=\"e-con-inner\">\n\t\t<div class=\"elementor-element elementor-element-27740cf e-con-full e-flex e-con e-child\" data-id=\"27740cf\" data-element_type=\"container\" data-e-type=\"container\" data-settings=\"{&quot;ekit_has_onepagescroll_dot&quot;:&quot;yes&quot;}\">\n\t\t\t\t<div class=\"elementor-element elementor-element-856a9e9 elementor-widget elementor-widget-elementskit-heading\" data-id=\"856a9e9\" data-element_type=\"widget\" data-e-type=\"widget\" data-settings=\"{&quot;ekit_we_effect_on&quot;:&quot;none&quot;}\" data-widget_type=\"elementskit-heading.default\">\n\t\t\t\t<div class=\"elementor-widget-container\">\n\t\t\t\t\t<div class=\"ekit-wid-con\" ><div class=\"ekit-heading elementskit-section-title-wraper text_center   ekit_heading_tablet-text_center   ekit_heading_mobile-\"><h2 class=\"ekit-heading--title elementskit-section-title \"><span>Une bonne pr\u00e9paration est la moiti\u00e9 de la bataille....<\/h2>\t\t\t\t<div class='ekit-heading__description'>\n\t\t\t\t\t<p>Ensemble, nous travaillerons \u00e0 une pr\u00e9sentation optimale.<\/p>\n<p>Vous vous occupez de la pr\u00e9paration, nous nous occupons du reste !<\/p>\n\t\t\t\t<\/div>\n\t\t\t<\/div><\/div>\t\t\t\t<\/div>\n\t\t\t\t<\/div>\n\t\t<div class=\"elementor-element elementor-element-58a857f e-con-full e-flex e-con e-child\" data-id=\"58a857f\" data-element_type=\"container\" data-e-type=\"container\" data-settings=\"{&quot;ekit_has_onepagescroll_dot&quot;:&quot;yes&quot;}\">\n\t\t<div class=\"elementor-element elementor-element-c09ac0c e-con-full e-flex e-con e-child\" data-id=\"c09ac0c\" data-element_type=\"container\" data-e-type=\"container\" data-settings=\"{&quot;ekit_has_onepagescroll_dot&quot;:&quot;yes&quot;}\">\n\t\t\t\t<div class=\"elementor-element elementor-element-c9cd480 elementor-widget elementor-widget-text-editor\" data-id=\"c9cd480\" data-element_type=\"widget\" data-e-type=\"widget\" data-settings=\"{&quot;ekit_we_effect_on&quot;:&quot;none&quot;}\" data-widget_type=\"text-editor.default\">\n\t\t\t\t<div class=\"elementor-widget-container\">\n\t\t\t\t\t\t\t\t\t<p>\u00ab\u00a0<span style=\"color: var( --e-global-color-text );\">C&rsquo;est la question la plus fr\u00e9quemment pos\u00e9e, mais aussi la plus difficile \u00e0 r\u00e9soudre.<\/span><span style=\"color: var( --e-global-color-text );\"> <br \/><\/span><span style=\"color: var( --e-global-color-text );\">Apr\u00e8s tout, nous n&rsquo;avons jamais \u00e9t\u00e9 chez vous auparavant et chacun a une d\u00e9finition diff\u00e9rente de ce qu&rsquo;est l&rsquo;ordre et la propret\u00e9.<\/span><\/p>\n<p><span style=\"color: var( --e-global-color-text );\">Nous disons toujours. \u00ab\u00a0Faites comme si les beaux-parents venaient pour la premi\u00e8re fois\u00a0\u00bb.<br \/><\/span><span style=\"color: var( --e-global-color-text );\">Vous ne pouvez jamais tout mettre de c\u00f4t\u00e9 ech<\/span><span style=\"color: var( --e-global-color-text );\">ter, une bonne pr\u00e9paration repr\u00e9sente la moiti\u00e9 de la bataille (pour nous).<br \/>\nVous trouverez ci-dessous quelques conseils que vous pouvez mettre en pratique lorsque vous commencez \u00e0 vous pr\u00e9parer pour le rendez-vous.   <\/span><\/p><\/p>\n\t\t\t\t\t\t\t\t<\/div>\n\t\t\t\t<\/div>\n\t\t\t\t<\/div>\n\t\t\t\t<\/div>\n\t\t\t\t<\/div>\n\t\t\t\t\t<\/div>\n\t\t\t\t<\/div>\n\t\t<div class=\"elementor-element elementor-element-0881c8a e-con-full e-flex e-con e-parent\" data-id=\"0881c8a\" data-element_type=\"container\" data-e-type=\"container\" data-settings=\"{&quot;ekit_has_onepagescroll_dot&quot;:&quot;yes&quot;}\">\n\t\t<div class=\"elementor-element elementor-element-b367a82 e-con-full e-flex e-con e-child\" data-id=\"b367a82\" data-element_type=\"container\" data-e-type=\"container\" data-settings=\"{&quot;ekit_has_onepagescroll_dot&quot;:&quot;yes&quot;}\">\n\t\t\t\t<div class=\"elementor-element elementor-element-762df57 elementor-widget elementor-widget-elementskit-tab\" data-id=\"762df57\" data-element_type=\"widget\" data-e-type=\"widget\" data-settings=\"{&quot;ekit_we_effect_on&quot;:&quot;none&quot;}\" data-widget_type=\"elementskit-tab.default\">\n\t\t\t\t<div class=\"elementor-widget-container\">\n\t\t\t\t\t<div class=\"ekit-wid-con\" >        <div class=\"elementkit-tab-wraper   elementskit-fitcontent-tab \">\n            <ul class=\"nav nav-tabs elementkit-tab-nav \">\n                                    <li class=\"elementkit-nav-item elementor-repeater-item-55138cc\">\n                        <a class=\"elementkit-nav-link  active left-pos \" id=\"content-55138cc69f2854a6cc6d-tab\" data-ekit-handler-id=\"salon\" data-ekit-toggle=\"tab\" data-target=\"#content-55138cc69f2854a6cc6d\" data-ekit-toggle-trigger=\"click\" aria-describedby=\"content-55138cc69f2854a6cc6d\" href=\"#content-55138cc69f2854a6cc6d\">\n                                                        <div class=\"ekit-tab-title-group\">\n                                                                <span class=\"elementskit-tab-title\">Salon<\/span>\n                            <\/div>\n                        <\/a>\n                    <\/li>\n                                        <li class=\"elementkit-nav-item elementor-repeater-item-cb594dd\">\n                        <a class=\"elementkit-nav-link  left-pos \" id=\"content-cb594dd69f2854a6cc6d-tab\" data-ekit-handler-id=\"cuisine\" data-ekit-toggle=\"tab\" data-target=\"#content-cb594dd69f2854a6cc6d\" data-ekit-toggle-trigger=\"click\" aria-describedby=\"content-cb594dd69f2854a6cc6d\" href=\"#content-cb594dd69f2854a6cc6d\">\n                                                        <div class=\"ekit-tab-title-group\">\n                                                                <span class=\"elementskit-tab-title\">Cuisine<\/span>\n                            <\/div>\n                        <\/a>\n                    <\/li>\n                                        <li class=\"elementkit-nav-item elementor-repeater-item-92e68d3\">\n                        <a class=\"elementkit-nav-link  left-pos \" id=\"content-92e68d369f2854a6cc6d-tab\" data-ekit-handler-id=\"chambre-coucher\" data-ekit-toggle=\"tab\" data-target=\"#content-92e68d369f2854a6cc6d\" data-ekit-toggle-trigger=\"click\" aria-describedby=\"content-92e68d369f2854a6cc6d\" href=\"#content-92e68d369f2854a6cc6d\">\n                                                        <div class=\"ekit-tab-title-group\">\n                                                                <span class=\"elementskit-tab-title\">Chambre \u00e0 coucher<\/span>\n                            <\/div>\n                        <\/a>\n                    <\/li>\n                                        <li class=\"elementkit-nav-item elementor-repeater-item-14b6e3e\">\n                        <a class=\"elementkit-nav-link  left-pos \" id=\"content-14b6e3e69f2854a6cc6d-tab\" data-ekit-handler-id=\"salle-de-bains\" data-ekit-toggle=\"tab\" data-target=\"#content-14b6e3e69f2854a6cc6d\" data-ekit-toggle-trigger=\"click\" aria-describedby=\"content-14b6e3e69f2854a6cc6d\" href=\"#content-14b6e3e69f2854a6cc6d\">\n                                                        <div class=\"ekit-tab-title-group\">\n                                                                <span class=\"elementskit-tab-title\">Salle de bains<\/span>\n                            <\/div>\n                        <\/a>\n                    <\/li>\n                                        <li class=\"elementkit-nav-item elementor-repeater-item-1ef8843\">\n                        <a class=\"elementkit-nav-link  left-pos \" id=\"content-1ef884369f2854a6cc6d-tab\" data-ekit-handler-id=\"jardin\" data-ekit-toggle=\"tab\" data-target=\"#content-1ef884369f2854a6cc6d\" data-ekit-toggle-trigger=\"click\" aria-describedby=\"content-1ef884369f2854a6cc6d\" href=\"#content-1ef884369f2854a6cc6d\">\n                                                        <div class=\"ekit-tab-title-group\">\n                                                                <span class=\"elementskit-tab-title\">Jardin<\/span>\n                            <\/div>\n                        <\/a>\n                    <\/li>\n                                <\/ul>\n\n\t\t\t<div class=\"tab-content elementkit-tab-content\">\n\t\t\t\t\t\t\t\t\t<div class=\"tab-pane elementkit-tab-pane elementor-repeater-item-55138cc  active show \" id=\"content-55138cc69f2854a6cc6d\" role=\"tabpanel\" aria-labelledby=\"content-55138cc69f2854a6cc6d-tab\">\n\t\t\t\t\t\t<div class=\"animated fadeIn\">\n\t\t\t\t\t\t\t\n\t\t<div class=\"widgetarea_warper widgetarea_warper_editable\" data-elementskit-widgetarea-key=\"762df57\"  data-elementskit-widgetarea-index=\"55138cc\">\n\t\t\t\n\t\t\t\n\t\t\t\t\t\t\t\t<div class=\"ekit-widget-area-container\">\n\t\t\t\t\t\t\t<div data-elementor-type=\"wp-post\" data-elementor-id=\"1748\" class=\"elementor elementor-1748\" data-elementor-post-type=\"elementskit_content\">\n\t\t\t\t<div class=\"elementor-element elementor-element-de58610 e-flex e-con-boxed e-con e-parent\" data-id=\"de58610\" data-element_type=\"container\" data-e-type=\"container\" data-settings=\"{&quot;ekit_has_onepagescroll_dot&quot;:&quot;yes&quot;}\">\n\t\t\t\t\t<div class=\"e-con-inner\">\n\t\t\t\t<div class=\"elementor-element elementor-element-042a613 elementor-widget elementor-widget-text-editor\" data-id=\"042a613\" data-element_type=\"widget\" data-e-type=\"widget\" data-settings=\"{&quot;ekit_we_effect_on&quot;:&quot;none&quot;}\" data-widget_type=\"text-editor.default\">\n\t\t\t\t<div class=\"elementor-widget-container\">\n\t\t\t\t\t\t\t\t\t<ul><li style=\"text-align: left;\">Store loose accessories and personal items, such as remote controls, magazines, slippers, shoes, and unnecessary decorations.<\/li><li style=\"text-align: left;\">Show as much of the floor as possible; too many rugs, vases, and accessories can make the space feel smaller.<\/li><li style=\"text-align: left;\">Clear items on and under cabinets.<\/li><li style=\"text-align: left;\">Tidy up the windowsill; too many pots, figurines, etc., can be distracting.<\/li><li style=\"text-align: left;\">Clean, dust, and mop the space.<\/li><li style=\"text-align: left;\">Fluff the cushions, neatly arrange blankets, and remove dead leaves from plants and flowers.<\/li><li style=\"text-align: left;\">Store any loose toys and put aside unnecessary items; a play kitchen or larger toys are no problem.<\/li><\/ul>\t\t\t\t\t\t\t\t<\/div>\n\t\t\t\t<\/div>\n\t\t\t\t\t<\/div>\n\t\t\t\t<\/div>\n\t\t<div class=\"elementor-element elementor-element-9a1e1a0 e-con-full e-flex e-con e-parent\" data-id=\"9a1e1a0\" data-element_type=\"container\" data-e-type=\"container\" data-settings=\"{&quot;ekit_has_onepagescroll_dot&quot;:&quot;yes&quot;}\">\n\t\t<div class=\"elementor-element elementor-element-c9c494e e-con-full e-flex e-con e-child\" data-id=\"c9c494e\" data-element_type=\"container\" data-e-type=\"container\" data-settings=\"{&quot;ekit_has_onepagescroll_dot&quot;:&quot;yes&quot;}\">\n\t\t\t\t<div class=\"elementor-element elementor-element-0cfb60b elementor-widget elementor-widget-elementskit-image-comparison\" data-id=\"0cfb60b\" data-element_type=\"widget\" data-e-type=\"widget\" data-settings=\"{&quot;ekit_we_effect_on&quot;:&quot;none&quot;}\" data-widget_type=\"elementskit-image-comparison.default\">\n\t\t\t\t<div class=\"elementor-widget-container\">\n\t\t\t\t\t<div class=\"ekit-wid-con\" >\n\t\t<div class=\"elementskit-image-comparison image-comparison-container\" data-offset=\"0.5\" data-overlay=\"\" data-label_after=\"After\" data-label_before=\"Before\" data-move_slider_on_hover=\"\" data-click_to_move=\"\">\n\t\t\t<img decoding=\"async\" src=\"https:\/\/vastgoed.wat-media.nl\/wp-content\/uploads\/2024\/07\/image_comparion_7.png\" title=\"image_comparion_7.png\" alt=\"image_comparion_7.png\" loading=\"lazy\" \/><img decoding=\"async\" src=\"https:\/\/vastgoed.wat-media.nl\/wp-content\/uploads\/2024\/07\/image_comparion_8.png\" title=\"image_comparion_8.png\" alt=\"image_comparion_8.png\" loading=\"lazy\" \/>\t\t<\/div>\n\n\t<\/div>\t\t\t\t<\/div>\n\t\t\t\t<\/div>\n\t\t\t\t<\/div>\n\t\t\t\t<\/div>\n\t\t\t\t<\/div>\n\t\t\t\t\t\t\t<\/div>\n\t\t\t\t\t\t<\/div>\n\t\t\t\t\t\t\t\t<\/div>\n\t\t\t\t\t<\/div>\n\t\t\t\t\t\t\t\t\t<div class=\"tab-pane elementkit-tab-pane elementor-repeater-item-cb594dd  \" id=\"content-cb594dd69f2854a6cc6d\" role=\"tabpanel\" aria-labelledby=\"content-cb594dd69f2854a6cc6d-tab\">\n\t\t\t\t\t\t<div class=\"animated fadeIn\">\n\t\t\t\t\t\t\t\n\t\t<div class=\"widgetarea_warper widgetarea_warper_editable\" data-elementskit-widgetarea-key=\"762df57\"  data-elementskit-widgetarea-index=\"cb594dd\">\n\t\t\t\n\t\t\t\n\t\t\t\t\t\t\t\t<div class=\"ekit-widget-area-container\">\n\t\t\t\t\t\t\t\t\t\t<\/div>\n\t\t\t\t\t\t<\/div>\n\t\t\t\t\t\t\t\t<\/div>\n\t\t\t\t\t<\/div>\n\t\t\t\t\t\t\t\t\t<div class=\"tab-pane elementkit-tab-pane elementor-repeater-item-92e68d3  \" id=\"content-92e68d369f2854a6cc6d\" role=\"tabpanel\" aria-labelledby=\"content-92e68d369f2854a6cc6d-tab\">\n\t\t\t\t\t\t<div class=\"animated fadeIn\">\n\t\t\t\t\t\t\t\n\t\t<div class=\"widgetarea_warper widgetarea_warper_editable\" data-elementskit-widgetarea-key=\"762df57\"  data-elementskit-widgetarea-index=\"92e68d3\">\n\t\t\t\n\t\t\t\n\t\t\t\t\t\t\t\t<div class=\"ekit-widget-area-container\">\n\t\t\t\t\tClick on the Edit Content button to edit\/add the content.\t\t\t\t\t<\/div>\n\t\t\t\t\t\t<\/div>\n\t\t\t\t\t\t\t\t<\/div>\n\t\t\t\t\t<\/div>\n\t\t\t\t\t\t\t\t\t<div class=\"tab-pane elementkit-tab-pane elementor-repeater-item-14b6e3e  \" id=\"content-14b6e3e69f2854a6cc6d\" role=\"tabpanel\" aria-labelledby=\"content-14b6e3e69f2854a6cc6d-tab\">\n\t\t\t\t\t\t<div class=\"animated fadeIn\">\n\t\t\t\t\t\t\t\n\t\t<div class=\"widgetarea_warper widgetarea_warper_editable\" data-elementskit-widgetarea-key=\"762df57\"  data-elementskit-widgetarea-index=\"14b6e3e\">\n\t\t\t\n\t\t\t\n\t\t\t\t\t\t\t\t<div class=\"ekit-widget-area-container\">\n\t\t\t\t\tClick on the Edit Content button to edit\/add the content.\t\t\t\t\t<\/div>\n\t\t\t\t\t\t<\/div>\n\t\t\t\t\t\t\t\t<\/div>\n\t\t\t\t\t<\/div>\n\t\t\t\t\t\t\t\t\t<div class=\"tab-pane elementkit-tab-pane elementor-repeater-item-1ef8843  \" id=\"content-1ef884369f2854a6cc6d\" role=\"tabpanel\" aria-labelledby=\"content-1ef884369f2854a6cc6d-tab\">\n\t\t\t\t\t\t<div class=\"animated fadeIn\">\n\t\t\t\t\t\t\t\n\t\t<div class=\"widgetarea_warper widgetarea_warper_editable\" data-elementskit-widgetarea-key=\"762df57\"  data-elementskit-widgetarea-index=\"1ef8843\">\n\t\t\t\n\t\t\t\n\t\t\t\t\t\t\t\t<div class=\"ekit-widget-area-container\">\n\t\t\t\t\tClick on the Edit Content button to edit\/add the content.\t\t\t\t\t<\/div>\n\t\t\t\t\t\t<\/div>\n\t\t\t\t\t\t\t\t<\/div>\n\t\t\t\t\t<\/div>\n\t\t\t\t\t\t\t<\/div>\n        <\/div>\n    <\/div>\t\t\t\t<\/div>\n\t\t\t\t<\/div>\n\t\t\t\t<\/div>\n\t\t\t\t<\/div>\n\t\t\t\t<\/div>\n\t\t","protected":false},"excerpt":{"rendered":"<p>Conseils de Styling Une bonne pr\u00e9paration est la moiti\u00e9 de la bataille&#8230;. Ensemble, nous travaillerons \u00e0 une pr\u00e9sentation optimale. Vous vous occupez de la pr\u00e9paration, nous nous occupons du reste ! \u00ab\u00a0C&rsquo;est la question la plus fr\u00e9quemment pos\u00e9e, mais aussi la plus difficile \u00e0 r\u00e9soudre. Apr\u00e8s tout, nous n&rsquo;avons jamais \u00e9t\u00e9 chez vous auparavant et [&hellip;]<\/p>\n","protected":false},"author":1,"featured_media":0,"parent":0,"menu_order":0,"comment_status":"closed","ping_status":"closed","template":"","meta":{"footnotes":""},"class_list":["post-3403","page","type-page","status-publish","hentry"],"_links":{"self":[{"href":"https:\/\/vastgoed.wat-media.nl\/fr\/wp-json\/wp\/v2\/pages\/3403","targetHints":{"allow":["GET"]}}],"collection":[{"href":"https:\/\/vastgoed.wat-media.nl\/fr\/wp-json\/wp\/v2\/pages"}],"about":[{"href":"https:\/\/vastgoed.wat-media.nl\/fr\/wp-json\/wp\/v2\/types\/page"}],"author":[{"embeddable":true,"href":"https:\/\/vastgoed.wat-media.nl\/fr\/wp-json\/wp\/v2\/users\/1"}],"replies":[{"embeddable":true,"href":"https:\/\/vastgoed.wat-media.nl\/fr\/wp-json\/wp\/v2\/comments?post=3403"}],"version-history":[{"count":0,"href":"https:\/\/vastgoed.wat-media.nl\/fr\/wp-json\/wp\/v2\/pages\/3403\/revisions"}],"wp:attachment":[{"href":"https:\/\/vastgoed.wat-media.nl\/fr\/wp-json\/wp\/v2\/media?parent=3403"}],"curies":[{"name":"wp","href":"https:\/\/api.w.org\/{rel}","templated":true}]}}